{"id":13205,"date":"2023-01-24T20:12:56","date_gmt":"2023-01-24T19:12:56","guid":{"rendered":"https:\/\/rosetimedandbeauty.pl\/polityka-prywatnosci\/"},"modified":"2023-07-03T18:59:57","modified_gmt":"2023-07-03T16:59:57","slug":"privacy-policy","status":"publish","type":"page","link":"https:\/\/rosetimedandbeauty.pl\/en\/privacy-policy\/","title":{"rendered":"Privacy policy"},"content":{"rendered":"\t\t<div data-elementor-type=\"wp-page\" data-elementor-id=\"13205\" class=\"elementor elementor-13205 elementor-3\">\n\t\t\t\t\t\t\t\t\t<section class=\"elementor-section elementor-top-section elementor-element elementor-element-23e8fd9 elementor-section-full_width elementor-section-height-default elementor-section-height-default qodef-elementor-content-no\" data-id=\"23e8fd9\" data-element_type=\"section\">\n\t\t\t\t\t\t<div class=\"elementor-container elementor-column-gap-default\">\n\t\t\t\t\t<div class=\"elementor-column elementor-col-100 elementor-top-column elementor-element elementor-element-14c2e160\" data-id=\"14c2e160\" data-element_type=\"column\">\n\t\t\t<div class=\"elementor-widget-wrap elementor-element-populated\">\n\t\t\t\t\t\t\t\t<div class=\"elementor-element elementor-element-7915301e elementor-widget elementor-widget-text-editor\" data-id=\"7915301e\" data-element_type=\"widget\" data-widget_type=\"text-editor.default\">\n\t\t\t\t<div class=\"elementor-widget-container\">\n\t\t\t<style>\/*! elementor - v3.13.3 - 28-05-2023 *\/\n.elementor-widget-text-editor.elementor-drop-cap-view-stacked .elementor-drop-cap{background-color:#69727d;color:#fff}.elementor-widget-text-editor.elementor-drop-cap-view-framed .elementor-drop-cap{color:#69727d;border:3px solid;background-color:transparent}.elementor-widget-text-editor:not(.elementor-drop-cap-view-default) .elementor-drop-cap{margin-top:8px}.elementor-widget-text-editor:not(.elementor-drop-cap-view-default) .elementor-drop-cap-letter{width:1em;height:1em}.elementor-widget-text-editor .elementor-drop-cap{float:left;text-align:center;line-height:1;font-size:50px}.elementor-widget-text-editor .elementor-drop-cap-letter{display:inline-block}<\/style>\t\t\t\t<p>1. General information<br \/>This Privacy Policy sets out the rules for the processing and protection of personal data provided by Users in connection with the use of the Website.<\/p><p>2. The administrator of the personal data contained on the site is<br \/>&#8220;AGNIESZKA PACU\u0141T-WI\u015aNIEWSKA REGIONALNE CENTRUM PRZEDSI\u0118BIORCZO\u015aCI&#8221; with registered office: ul. Bukowa 6, 32-400 My\u015blenice NIP: 6811694206<\/p><p>3. Out of concern for the security of the data entrusted to us, we have developed internal procedures and recommendations to prevent data from being made available to unauthorized persons. We control their execution and constantly check their compliance with the relevant legal acts &#8211; the Personal Data Protection Act, the Act on Providing Electronic Services, as well as all kinds of executive acts and acts of Community law.<br \/>4. Personal Data is processed on the basis of the consent expressed by the User and in cases where the law authorizes the Administrator to process personal data on the basis of the provisions of the law or in order to implement the agreement concluded between the parties.<br \/>5. The Service performs functions of obtaining information about users and their behavior in the following ways:<br \/>\u2022 through information voluntarily entered in forms<br \/>\u2022 through the collection of &#8220;cookies&#8221; [see cookie policy].<br \/>6. The Service collects information voluntarily provided by the user.<br \/>7. The data provided in the form is processed for the purpose resulting from the function of the specific form, e.g. to perform the process of handling information contact.<br \/>8. Personal data left on the site will not be sold or shared with third parties, in accordance with the provisions of the Personal Data Protection Act.<br \/>9. The data contained in the form can be accessed by the individual who placed it there. The individual also has the right to modify and stop processing his or her data at any time.<br \/>10. We reserve the right to change the privacy policy of the website, which may be affected by the development of Internet technology, possible changes in the law on personal data protection and the development of our website. We will inform you of any changes in a visible and understandable manner.<br \/>11. Links to other websites may appear on the Website. Such websites operate independently of the Service and are not supervised by Roseti in any way. These websites may have their own privacy policies and regulations, with which we recommend that you familiarize yourself.<br \/>12. If you have any doubts about any of the provisions of this privacy policy, we are at your disposal &#8211; our details can be found in the tab &#8211; CONTACT.<\/p>\t\t\t\t\t\t<\/div>\n\t\t\t\t<\/div>\n\t\t\t\t\t<\/div>\n\t\t<\/div>\n\t\t\t\t\t\t\t<\/div>\n\t\t<\/section>\n\t\t\t\t\t\t\t<\/div>\n\t\t","protected":false},"excerpt":{"rendered":"<p>1. General informationThis Privacy Policy sets out the rules for the processing and protection of personal data provided by Users in connection with the use of the Website. 2. The administrator of the personal data contained on the site is&#8220;AGNIESZKA PACU\u0141T-WI\u015aNIEWSKA REGIONALNE CENTRUM PRZEDSI\u0118BIORCZO\u015aCI&#8221; with registered office: ul. Bukowa 6, 32-400 My\u015blenice NIP: 6811694206 3. [&hellip;]<\/p>\n","protected":false},"author":1,"featured_media":0,"parent":0,"menu_order":0,"comment_status":"closed","ping_status":"open","template":"","meta":{"footnotes":""},"class_list":["post-13205","page","type-page","status-publish","hentry"],"yoast_head":"<!-- This site is optimized with the Yoast SEO plugin v26.9 - https:\/\/yoast.com\/product\/yoast-seo-wordpress\/ -->\n<title>Privacy policy - Roseti Med &amp; Beauty<\/title>\n<meta name=\"robots\" content=\"index, follow, max-snippet:-1, max-image-preview:large, max-video-preview:-1\" \/>\n<link rel=\"canonical\" href=\"https:\/\/rosetimedandbeauty.pl\/en\/privacy-policy\/\" \/>\n<meta property=\"og:locale\" content=\"en_US\" \/>\n<meta property=\"og:type\" content=\"article\" \/>\n<meta property=\"og:title\" content=\"Privacy policy - Roseti Med &amp; Beauty\" \/>\n<meta property=\"og:description\" content=\"1. General informationThis Privacy Policy sets out the rules for the processing and protection of personal data provided by Users in connection with the use of the Website. 2. The administrator of the personal data contained on the site is&#8220;AGNIESZKA PACU\u0141T-WI\u015aNIEWSKA REGIONALNE CENTRUM PRZEDSI\u0118BIORCZO\u015aCI&#8221; with registered office: ul. Bukowa 6, 32-400 My\u015blenice NIP: 6811694206 3. [&hellip;]\" \/>\n<meta property=\"og:url\" content=\"https:\/\/rosetimedandbeauty.pl\/en\/privacy-policy\/\" \/>\n<meta property=\"og:site_name\" content=\"Roseti Med &amp; Beauty\" \/>\n<meta property=\"article:modified_time\" content=\"2023-07-03T16:59:57+00:00\" \/>\n<meta name=\"twitter:card\" content=\"summary_large_image\" \/>\n<meta name=\"twitter:label1\" content=\"Est. reading time\" \/>\n\t<meta name=\"twitter:data1\" content=\"2 minutes\" \/>\n<script type=\"application\/ld+json\" class=\"yoast-schema-graph\">{\"@context\":\"https:\/\/schema.org\",\"@graph\":[{\"@type\":\"WebPage\",\"@id\":\"https:\/\/rosetimedandbeauty.pl\/en\/privacy-policy\/\",\"url\":\"https:\/\/rosetimedandbeauty.pl\/en\/privacy-policy\/\",\"name\":\"Privacy policy - Roseti Med &amp; Beauty\",\"isPartOf\":{\"@id\":\"https:\/\/rosetimedandbeauty.pl\/#website\"},\"datePublished\":\"2023-01-24T19:12:56+00:00\",\"dateModified\":\"2023-07-03T16:59:57+00:00\",\"breadcrumb\":{\"@id\":\"https:\/\/rosetimedandbeauty.pl\/en\/privacy-policy\/#breadcrumb\"},\"inLanguage\":\"en-US\",\"potentialAction\":[{\"@type\":\"ReadAction\",\"target\":[\"https:\/\/rosetimedandbeauty.pl\/en\/privacy-policy\/\"]}]},{\"@type\":\"BreadcrumbList\",\"@id\":\"https:\/\/rosetimedandbeauty.pl\/en\/privacy-policy\/#breadcrumb\",\"itemListElement\":[{\"@type\":\"ListItem\",\"position\":1,\"name\":\"Strona g\u0142\u00f3wna\",\"item\":\"https:\/\/rosetimedandbeauty.pl\/en\/\"},{\"@type\":\"ListItem\",\"position\":2,\"name\":\"Privacy policy\"}]},{\"@type\":\"WebSite\",\"@id\":\"https:\/\/rosetimedandbeauty.pl\/#website\",\"url\":\"https:\/\/rosetimedandbeauty.pl\/\",\"name\":\"Roseti Med &amp; Beauty\",\"description\":\"\",\"publisher\":{\"@id\":\"https:\/\/rosetimedandbeauty.pl\/#organization\"},\"potentialAction\":[{\"@type\":\"SearchAction\",\"target\":{\"@type\":\"EntryPoint\",\"urlTemplate\":\"https:\/\/rosetimedandbeauty.pl\/?s={search_term_string}\"},\"query-input\":{\"@type\":\"PropertyValueSpecification\",\"valueRequired\":true,\"valueName\":\"search_term_string\"}}],\"inLanguage\":\"en-US\"},{\"@type\":\"Organization\",\"@id\":\"https:\/\/rosetimedandbeauty.pl\/#organization\",\"name\":\"Roseti Med &amp; Beauty\",\"url\":\"https:\/\/rosetimedandbeauty.pl\/\",\"logo\":{\"@type\":\"ImageObject\",\"inLanguage\":\"en-US\",\"@id\":\"https:\/\/rosetimedandbeauty.pl\/#\/schema\/logo\/image\/\",\"url\":\"https:\/\/rosetimedandbeauty.pl\/wp-content\/uploads\/2023\/01\/logo_roseti.png\",\"contentUrl\":\"https:\/\/rosetimedandbeauty.pl\/wp-content\/uploads\/2023\/01\/logo_roseti.png\",\"width\":1071,\"height\":1071,\"caption\":\"Roseti Med &amp; Beauty\"},\"image\":{\"@id\":\"https:\/\/rosetimedandbeauty.pl\/#\/schema\/logo\/image\/\"}}]}<\/script>\n<!-- \/ Yoast SEO plugin. -->","yoast_head_json":{"title":"Privacy policy - Roseti Med &amp; Beauty","robots":{"index":"index","follow":"follow","max-snippet":"max-snippet:-1","max-image-preview":"max-image-preview:large","max-video-preview":"max-video-preview:-1"},"canonical":"https:\/\/rosetimedandbeauty.pl\/en\/privacy-policy\/","og_locale":"en_US","og_type":"article","og_title":"Privacy policy - Roseti Med &amp; Beauty","og_description":"1. General informationThis Privacy Policy sets out the rules for the processing and protection of personal data provided by Users in connection with the use of the Website. 2. The administrator of the personal data contained on the site is&#8220;AGNIESZKA PACU\u0141T-WI\u015aNIEWSKA REGIONALNE CENTRUM PRZEDSI\u0118BIORCZO\u015aCI&#8221; with registered office: ul. Bukowa 6, 32-400 My\u015blenice NIP: 6811694206 3. [&hellip;]","og_url":"https:\/\/rosetimedandbeauty.pl\/en\/privacy-policy\/","og_site_name":"Roseti Med &amp; Beauty","article_modified_time":"2023-07-03T16:59:57+00:00","twitter_card":"summary_large_image","twitter_misc":{"Est. reading time":"2 minutes"},"schema":{"@context":"https:\/\/schema.org","@graph":[{"@type":"WebPage","@id":"https:\/\/rosetimedandbeauty.pl\/en\/privacy-policy\/","url":"https:\/\/rosetimedandbeauty.pl\/en\/privacy-policy\/","name":"Privacy policy - Roseti Med &amp; Beauty","isPartOf":{"@id":"https:\/\/rosetimedandbeauty.pl\/#website"},"datePublished":"2023-01-24T19:12:56+00:00","dateModified":"2023-07-03T16:59:57+00:00","breadcrumb":{"@id":"https:\/\/rosetimedandbeauty.pl\/en\/privacy-policy\/#breadcrumb"},"inLanguage":"en-US","potentialAction":[{"@type":"ReadAction","target":["https:\/\/rosetimedandbeauty.pl\/en\/privacy-policy\/"]}]},{"@type":"BreadcrumbList","@id":"https:\/\/rosetimedandbeauty.pl\/en\/privacy-policy\/#breadcrumb","itemListElement":[{"@type":"ListItem","position":1,"name":"Strona g\u0142\u00f3wna","item":"https:\/\/rosetimedandbeauty.pl\/en\/"},{"@type":"ListItem","position":2,"name":"Privacy policy"}]},{"@type":"WebSite","@id":"https:\/\/rosetimedandbeauty.pl\/#website","url":"https:\/\/rosetimedandbeauty.pl\/","name":"Roseti Med &amp; Beauty","description":"","publisher":{"@id":"https:\/\/rosetimedandbeauty.pl\/#organization"},"potentialAction":[{"@type":"SearchAction","target":{"@type":"EntryPoint","urlTemplate":"https:\/\/rosetimedandbeauty.pl\/?s={search_term_string}"},"query-input":{"@type":"PropertyValueSpecification","valueRequired":true,"valueName":"search_term_string"}}],"inLanguage":"en-US"},{"@type":"Organization","@id":"https:\/\/rosetimedandbeauty.pl\/#organization","name":"Roseti Med &amp; Beauty","url":"https:\/\/rosetimedandbeauty.pl\/","logo":{"@type":"ImageObject","inLanguage":"en-US","@id":"https:\/\/rosetimedandbeauty.pl\/#\/schema\/logo\/image\/","url":"https:\/\/rosetimedandbeauty.pl\/wp-content\/uploads\/2023\/01\/logo_roseti.png","contentUrl":"https:\/\/rosetimedandbeauty.pl\/wp-content\/uploads\/2023\/01\/logo_roseti.png","width":1071,"height":1071,"caption":"Roseti Med &amp; Beauty"},"image":{"@id":"https:\/\/rosetimedandbeauty.pl\/#\/schema\/logo\/image\/"}}]}},"_links":{"self":[{"href":"https:\/\/rosetimedandbeauty.pl\/en\/wp-json\/wp\/v2\/pages\/13205","targetHints":{"allow":["GET"]}}],"collection":[{"href":"https:\/\/rosetimedandbeauty.pl\/en\/wp-json\/wp\/v2\/pages"}],"about":[{"href":"https:\/\/rosetimedandbeauty.pl\/en\/wp-json\/wp\/v2\/types\/page"}],"author":[{"embeddable":true,"href":"https:\/\/rosetimedandbeauty.pl\/en\/wp-json\/wp\/v2\/users\/1"}],"replies":[{"embeddable":true,"href":"https:\/\/rosetimedandbeauty.pl\/en\/wp-json\/wp\/v2\/comments?post=13205"}],"version-history":[{"count":4,"href":"https:\/\/rosetimedandbeauty.pl\/en\/wp-json\/wp\/v2\/pages\/13205\/revisions"}],"predecessor-version":[{"id":13210,"href":"https:\/\/rosetimedandbeauty.pl\/en\/wp-json\/wp\/v2\/pages\/13205\/revisions\/13210"}],"wp:attachment":[{"href":"https:\/\/rosetimedandbeauty.pl\/en\/wp-json\/wp\/v2\/media?parent=13205"}],"curies":[{"name":"wp","href":"https:\/\/api.w.org\/{rel}","templated":true}]}}